{"id":44,"date":"2025-05-27T19:33:43","date_gmt":"2025-05-27T17:33:43","guid":{"rendered":"https:\/\/kalonrealm.com\/?page_id=44"},"modified":"2025-05-29T17:36:51","modified_gmt":"2025-05-29T15:36:51","slug":"elementor-page-44","status":"publish","type":"page","link":"https:\/\/kalonrealm.com\/","title":{"rendered":"Accueil"},"content":{"rendered":"\t\t<div data-elementor-type=\"wp-page\" data-elementor-id=\"44\" class=\"elementor elementor-44\">\n\t\t\t\t<div class=\"elementor-element elementor-element-c04a31a e-flex e-con-boxed e-con e-parent\" data-id=\"c04a31a\" data-element_type=\"container\" data-settings=\"{&quot;background_background&quot;:&quot;classic&quot;}\">\n\t\t\t\t\t<div class=\"e-con-inner\">\n\t\t\t\t<div class=\"elementor-element elementor-element-4077e58 elementor-widget elementor-widget-heading\" data-id=\"4077e58\" data-element_type=\"widget\" data-widget_type=\"heading.default\">\n\t\t\t\t<div class=\"elementor-widget-container\">\n\t\t\t\t\t<h2 class=\"elementor-heading-title elementor-size-default\">Agence de cr\u00e9ation de site Internet<\/h2>\t\t\t\t<\/div>\n\t\t\t\t<\/div>\n\t\t\t\t<div class=\"elementor-element elementor-element-1e88212 elementor-widget__width-initial elementor-widget elementor-widget-heading\" data-id=\"1e88212\" data-element_type=\"widget\" data-widget_type=\"heading.default\">\n\t\t\t\t<div class=\"elementor-widget-container\">\n\t\t\t\t\t<h2 class=\"elementor-heading-title elementor-size-default\">Cr\u00e9ation digital alliant esth\u00e9tisme et efficacit\u00e9 <\/h2>\t\t\t\t<\/div>\n\t\t\t\t<\/div>\n\t\t\t\t<div class=\"elementor-element elementor-element-20a6b89 elementor-widget elementor-widget-text-editor\" data-id=\"20a6b89\" data-element_type=\"widget\" data-widget_type=\"text-editor.default\">\n\t\t\t\t<div class=\"elementor-widget-container\">\n\t\t\t\t\t\t\t\t\t<p>Lorem ipsum dolor sit amet, consectetur adipiscing elit. Ut elit tellus, luctus nec ullamcorper mattis, pulvinar dapibus leo.<\/p>\t\t\t\t\t\t\t\t<\/div>\n\t\t\t\t<\/div>\n\t\t\t\t<div class=\"elementor-element elementor-element-edd8faa elementor-align-center elementor-widget elementor-widget-button\" data-id=\"edd8faa\" data-element_type=\"widget\" data-widget_type=\"button.default\">\n\t\t\t\t<div class=\"elementor-widget-container\">\n\t\t\t\t\t\t\t\t\t<div class=\"elementor-button-wrapper\">\n\t\t\t\t\t<a class=\"elementor-button elementor-button-link elementor-size-sm\" href=\"#\">\n\t\t\t\t\t\t<span class=\"elementor-button-content-wrapper\">\n\t\t\t\t\t\t\t\t\t<span class=\"elementor-button-text\">R\u00e9server une pr\u00e9station<\/span>\n\t\t\t\t\t<\/span>\n\t\t\t\t\t<\/a>\n\t\t\t\t<\/div>\n\t\t\t\t\t\t\t\t<\/div>\n\t\t\t\t<\/div>\n\t\t\t\t\t<\/div>\n\t\t\t\t<\/div>\n\t\t<div class=\"elementor-element elementor-element-b35da47 e-con-full e-flex e-con e-parent\" data-id=\"b35da47\" data-element_type=\"container\">\n\t\t<div class=\"elementor-element elementor-element-6c348ce e-con-full e-flex e-con e-child\" data-id=\"6c348ce\" data-element_type=\"container\">\n\t\t\t\t<div class=\"elementor-element elementor-element-16273b2 elementor-widget elementor-widget-heading\" data-id=\"16273b2\" data-element_type=\"widget\" data-widget_type=\"heading.default\">\n\t\t\t\t<div class=\"elementor-widget-container\">\n\t\t\t\t\t<h2 class=\"elementor-heading-title elementor-size-default\">Agence de cr\u00e9ation de site Internet<\/h2>\t\t\t\t<\/div>\n\t\t\t\t<\/div>\n\t\t\t\t<div class=\"elementor-element elementor-element-cc22eca elementor-widget__width-initial elementor-widget elementor-widget-heading\" data-id=\"cc22eca\" data-element_type=\"widget\" data-widget_type=\"heading.default\">\n\t\t\t\t<div class=\"elementor-widget-container\">\n\t\t\t\t\t<h2 class=\"elementor-heading-title elementor-size-default\">Cr\u00e9ation digital alliant esth\u00e9tisme et efficacit\u00e9 <\/h2>\t\t\t\t<\/div>\n\t\t\t\t<\/div>\n\t\t\t\t<div class=\"elementor-element elementor-element-d9afe21 elementor-widget elementor-widget-text-editor\" data-id=\"d9afe21\" data-element_type=\"widget\" data-widget_type=\"text-editor.default\">\n\t\t\t\t<div class=\"elementor-widget-container\">\n\t\t\t\t\t\t\t\t\t<p>Lorem ipsum dolor sit amet, consectetur adipiscing elit. Ut elit tellus, luctus nec ullamcorper mattis, pulvinar dapibus leo.<\/p>\t\t\t\t\t\t\t\t<\/div>\n\t\t\t\t<\/div>\n\t\t\t\t<\/div>\n\t\t<div class=\"elementor-element elementor-element-727bac0 e-con-full e-flex e-con e-child\" data-id=\"727bac0\" data-element_type=\"container\">\n\t\t\t\t<div class=\"elementor-element elementor-element-261e5f6 elementor-widget elementor-widget-image\" data-id=\"261e5f6\" data-element_type=\"widget\" data-widget_type=\"image.default\">\n\t\t\t\t<div class=\"elementor-widget-container\">\n\t\t\t\t\t\t\t\t\t\t\t\t\t\t\t<img fetchpriority=\"high\" decoding=\"async\" width=\"1024\" height=\"683\" src=\"https:\/\/kalonrealm.com\/wp-content\/uploads\/2025\/05\/greg-rakozy-oMpAz-DN-9I-unsplash-1024x683.jpg\" class=\"attachment-large size-large wp-image-61\" alt=\"\" srcset=\"https:\/\/kalonrealm.com\/wp-content\/uploads\/2025\/05\/greg-rakozy-oMpAz-DN-9I-unsplash-1024x683.jpg 1024w, https:\/\/kalonrealm.com\/wp-content\/uploads\/2025\/05\/greg-rakozy-oMpAz-DN-9I-unsplash-300x200.jpg 300w, https:\/\/kalonrealm.com\/wp-content\/uploads\/2025\/05\/greg-rakozy-oMpAz-DN-9I-unsplash-768x512.jpg 768w, https:\/\/kalonrealm.com\/wp-content\/uploads\/2025\/05\/greg-rakozy-oMpAz-DN-9I-unsplash-1536x1024.jpg 1536w, https:\/\/kalonrealm.com\/wp-content\/uploads\/2025\/05\/greg-rakozy-oMpAz-DN-9I-unsplash.jpg 1920w\" sizes=\"(max-width: 1024px) 100vw, 1024px\" \/>\t\t\t\t\t\t\t\t\t\t\t\t\t\t\t<\/div>\n\t\t\t\t<\/div>\n\t\t\t\t<\/div>\n\t\t\t\t<\/div>\n\t\t<div class=\"elementor-element elementor-element-7966eba e-con-full e-flex e-con e-parent\" data-id=\"7966eba\" data-element_type=\"container\">\n\t\t<div class=\"elementor-element elementor-element-193c92f e-con-full e-flex e-con e-child\" data-id=\"193c92f\" data-element_type=\"container\">\n\t\t\t\t<div class=\"elementor-element elementor-element-a3dd49e elementor-widget elementor-widget-image\" data-id=\"a3dd49e\" data-element_type=\"widget\" data-widget_type=\"image.default\">\n\t\t\t\t<div class=\"elementor-widget-container\">\n\t\t\t\t\t\t\t\t\t\t\t\t\t\t\t<img fetchpriority=\"high\" decoding=\"async\" width=\"1024\" height=\"683\" src=\"https:\/\/kalonrealm.com\/wp-content\/uploads\/2025\/05\/greg-rakozy-oMpAz-DN-9I-unsplash-1024x683.jpg\" class=\"attachment-large size-large wp-image-61\" alt=\"\" srcset=\"https:\/\/kalonrealm.com\/wp-content\/uploads\/2025\/05\/greg-rakozy-oMpAz-DN-9I-unsplash-1024x683.jpg 1024w, https:\/\/kalonrealm.com\/wp-content\/uploads\/2025\/05\/greg-rakozy-oMpAz-DN-9I-unsplash-300x200.jpg 300w, https:\/\/kalonrealm.com\/wp-content\/uploads\/2025\/05\/greg-rakozy-oMpAz-DN-9I-unsplash-768x512.jpg 768w, https:\/\/kalonrealm.com\/wp-content\/uploads\/2025\/05\/greg-rakozy-oMpAz-DN-9I-unsplash-1536x1024.jpg 1536w, https:\/\/kalonrealm.com\/wp-content\/uploads\/2025\/05\/greg-rakozy-oMpAz-DN-9I-unsplash.jpg 1920w\" sizes=\"(max-width: 1024px) 100vw, 1024px\" \/>\t\t\t\t\t\t\t\t\t\t\t\t\t\t\t<\/div>\n\t\t\t\t<\/div>\n\t\t\t\t<\/div>\n\t\t<div class=\"elementor-element elementor-element-80102ba e-con-full e-flex e-con e-child\" data-id=\"80102ba\" data-element_type=\"container\">\n\t\t\t\t<div class=\"elementor-element elementor-element-030de0c elementor-widget elementor-widget-heading\" data-id=\"030de0c\" data-element_type=\"widget\" data-widget_type=\"heading.default\">\n\t\t\t\t<div class=\"elementor-widget-container\">\n\t\t\t\t\t<h2 class=\"elementor-heading-title elementor-size-default\">Agence de cr\u00e9ation de site Internet<\/h2>\t\t\t\t<\/div>\n\t\t\t\t<\/div>\n\t\t\t\t<div class=\"elementor-element elementor-element-7d4c096 elementor-widget__width-initial elementor-widget elementor-widget-heading\" data-id=\"7d4c096\" data-element_type=\"widget\" data-widget_type=\"heading.default\">\n\t\t\t\t<div class=\"elementor-widget-container\">\n\t\t\t\t\t<h2 class=\"elementor-heading-title elementor-size-default\">Cr\u00e9ation digital alliant esth\u00e9tisme et efficacit\u00e9 <\/h2>\t\t\t\t<\/div>\n\t\t\t\t<\/div>\n\t\t\t\t<div class=\"elementor-element elementor-element-0a5a2d1 elementor-widget elementor-widget-text-editor\" data-id=\"0a5a2d1\" data-element_type=\"widget\" data-widget_type=\"text-editor.default\">\n\t\t\t\t<div class=\"elementor-widget-container\">\n\t\t\t\t\t\t\t\t\t<p>Lorem ipsum dolor sit amet, consectetur adipiscing elit. Ut elit tellus, luctus nec ullamcorper mattis, pulvinar dapibus leo.<\/p>\t\t\t\t\t\t\t\t<\/div>\n\t\t\t\t<\/div>\n\t\t\t\t<\/div>\n\t\t\t\t<\/div>\n\t\t<div class=\"elementor-element elementor-element-41643b0 e-flex e-con-boxed e-con e-parent\" data-id=\"41643b0\" data-element_type=\"container\" data-settings=\"{&quot;background_background&quot;:&quot;gradient&quot;}\">\n\t\t\t\t\t<div class=\"e-con-inner\">\n\t\t<div class=\"elementor-element elementor-element-8f016b7 e-con-full e-flex e-con e-child\" data-id=\"8f016b7\" data-element_type=\"container\">\n\t\t\t\t<div class=\"elementor-element elementor-element-dcbd072 elementor-widget elementor-widget-image\" data-id=\"dcbd072\" data-element_type=\"widget\" data-widget_type=\"image.default\">\n\t\t\t\t<div class=\"elementor-widget-container\">\n\t\t\t\t\t\t\t\t\t\t\t\t\t\t\t<img fetchpriority=\"high\" decoding=\"async\" width=\"1024\" height=\"683\" src=\"https:\/\/kalonrealm.com\/wp-content\/uploads\/2025\/05\/greg-rakozy-oMpAz-DN-9I-unsplash-1024x683.jpg\" class=\"attachment-large size-large wp-image-61\" alt=\"\" srcset=\"https:\/\/kalonrealm.com\/wp-content\/uploads\/2025\/05\/greg-rakozy-oMpAz-DN-9I-unsplash-1024x683.jpg 1024w, https:\/\/kalonrealm.com\/wp-content\/uploads\/2025\/05\/greg-rakozy-oMpAz-DN-9I-unsplash-300x200.jpg 300w, https:\/\/kalonrealm.com\/wp-content\/uploads\/2025\/05\/greg-rakozy-oMpAz-DN-9I-unsplash-768x512.jpg 768w, https:\/\/kalonrealm.com\/wp-content\/uploads\/2025\/05\/greg-rakozy-oMpAz-DN-9I-unsplash-1536x1024.jpg 1536w, https:\/\/kalonrealm.com\/wp-content\/uploads\/2025\/05\/greg-rakozy-oMpAz-DN-9I-unsplash.jpg 1920w\" sizes=\"(max-width: 1024px) 100vw, 1024px\" \/>\t\t\t\t\t\t\t\t\t\t\t\t\t\t\t<\/div>\n\t\t\t\t<\/div>\n\t\t\t\t<div class=\"elementor-element elementor-element-181730b elementor-widget__width-initial elementor-widget elementor-widget-heading\" data-id=\"181730b\" data-element_type=\"widget\" data-widget_type=\"heading.default\">\n\t\t\t\t<div class=\"elementor-widget-container\">\n\t\t\t\t\t<h2 class=\"elementor-heading-title elementor-size-default\">Site vitrine<\/h2>\t\t\t\t<\/div>\n\t\t\t\t<\/div>\n\t\t\t\t<div class=\"elementor-element elementor-element-95d3e42 elementor-widget elementor-widget-text-editor\" data-id=\"95d3e42\" data-element_type=\"widget\" data-widget_type=\"text-editor.default\">\n\t\t\t\t<div class=\"elementor-widget-container\">\n\t\t\t\t\t\t\t\t\t<p>Lorem ipsum dolor sit amet, consectetur adipiscing elit. Ut elit tellus, luctus nec ullamcorper mattis, pulvinar dapibus leo.<\/p>\t\t\t\t\t\t\t\t<\/div>\n\t\t\t\t<\/div>\n\t\t\t\t<\/div>\n\t\t<div class=\"elementor-element elementor-element-894bb0d e-con-full e-flex e-con e-child\" data-id=\"894bb0d\" data-element_type=\"container\">\n\t\t\t\t<div class=\"elementor-element elementor-element-346df2e elementor-widget elementor-widget-image\" data-id=\"346df2e\" data-element_type=\"widget\" data-widget_type=\"image.default\">\n\t\t\t\t<div class=\"elementor-widget-container\">\n\t\t\t\t\t\t\t\t\t\t\t\t\t\t\t<img fetchpriority=\"high\" decoding=\"async\" width=\"1024\" height=\"683\" src=\"https:\/\/kalonrealm.com\/wp-content\/uploads\/2025\/05\/greg-rakozy-oMpAz-DN-9I-unsplash-1024x683.jpg\" class=\"attachment-large size-large wp-image-61\" alt=\"\" srcset=\"https:\/\/kalonrealm.com\/wp-content\/uploads\/2025\/05\/greg-rakozy-oMpAz-DN-9I-unsplash-1024x683.jpg 1024w, https:\/\/kalonrealm.com\/wp-content\/uploads\/2025\/05\/greg-rakozy-oMpAz-DN-9I-unsplash-300x200.jpg 300w, https:\/\/kalonrealm.com\/wp-content\/uploads\/2025\/05\/greg-rakozy-oMpAz-DN-9I-unsplash-768x512.jpg 768w, https:\/\/kalonrealm.com\/wp-content\/uploads\/2025\/05\/greg-rakozy-oMpAz-DN-9I-unsplash-1536x1024.jpg 1536w, https:\/\/kalonrealm.com\/wp-content\/uploads\/2025\/05\/greg-rakozy-oMpAz-DN-9I-unsplash.jpg 1920w\" sizes=\"(max-width: 1024px) 100vw, 1024px\" \/>\t\t\t\t\t\t\t\t\t\t\t\t\t\t\t<\/div>\n\t\t\t\t<\/div>\n\t\t\t\t<div class=\"elementor-element elementor-element-81f415a elementor-widget__width-initial elementor-widget elementor-widget-heading\" data-id=\"81f415a\" data-element_type=\"widget\" data-widget_type=\"heading.default\">\n\t\t\t\t<div class=\"elementor-widget-container\">\n\t\t\t\t\t<h2 class=\"elementor-heading-title elementor-size-default\">Site boutique<\/h2>\t\t\t\t<\/div>\n\t\t\t\t<\/div>\n\t\t\t\t<div class=\"elementor-element elementor-element-aff43a3 elementor-widget elementor-widget-text-editor\" data-id=\"aff43a3\" data-element_type=\"widget\" data-widget_type=\"text-editor.default\">\n\t\t\t\t<div class=\"elementor-widget-container\">\n\t\t\t\t\t\t\t\t\t<p>Lorem ipsum dolor sit amet, consectetur adipiscing elit. Ut elit tellus, luctus nec ullamcorper mattis, pulvinar dapibus leo.<\/p>\t\t\t\t\t\t\t\t<\/div>\n\t\t\t\t<\/div>\n\t\t\t\t<\/div>\n\t\t<div class=\"elementor-element elementor-element-d200831 e-con-full e-flex e-con e-child\" data-id=\"d200831\" data-element_type=\"container\">\n\t\t\t\t<div class=\"elementor-element elementor-element-819b276 elementor-widget elementor-widget-image\" data-id=\"819b276\" data-element_type=\"widget\" data-widget_type=\"image.default\">\n\t\t\t\t<div class=\"elementor-widget-container\">\n\t\t\t\t\t\t\t\t\t\t\t\t\t\t\t<img fetchpriority=\"high\" decoding=\"async\" width=\"1024\" height=\"683\" src=\"https:\/\/kalonrealm.com\/wp-content\/uploads\/2025\/05\/greg-rakozy-oMpAz-DN-9I-unsplash-1024x683.jpg\" class=\"attachment-large size-large wp-image-61\" alt=\"\" srcset=\"https:\/\/kalonrealm.com\/wp-content\/uploads\/2025\/05\/greg-rakozy-oMpAz-DN-9I-unsplash-1024x683.jpg 1024w, https:\/\/kalonrealm.com\/wp-content\/uploads\/2025\/05\/greg-rakozy-oMpAz-DN-9I-unsplash-300x200.jpg 300w, https:\/\/kalonrealm.com\/wp-content\/uploads\/2025\/05\/greg-rakozy-oMpAz-DN-9I-unsplash-768x512.jpg 768w, https:\/\/kalonrealm.com\/wp-content\/uploads\/2025\/05\/greg-rakozy-oMpAz-DN-9I-unsplash-1536x1024.jpg 1536w, https:\/\/kalonrealm.com\/wp-content\/uploads\/2025\/05\/greg-rakozy-oMpAz-DN-9I-unsplash.jpg 1920w\" sizes=\"(max-width: 1024px) 100vw, 1024px\" \/>\t\t\t\t\t\t\t\t\t\t\t\t\t\t\t<\/div>\n\t\t\t\t<\/div>\n\t\t\t\t<div class=\"elementor-element elementor-element-1fd0415 elementor-widget__width-initial elementor-widget elementor-widget-heading\" data-id=\"1fd0415\" data-element_type=\"widget\" data-widget_type=\"heading.default\">\n\t\t\t\t<div class=\"elementor-widget-container\">\n\t\t\t\t\t<h2 class=\"elementor-heading-title elementor-size-default\">Tunel de vent\u0119<\/h2>\t\t\t\t<\/div>\n\t\t\t\t<\/div>\n\t\t\t\t<div class=\"elementor-element elementor-element-2b52b22 elementor-widget elementor-widget-text-editor\" data-id=\"2b52b22\" data-element_type=\"widget\" data-widget_type=\"text-editor.default\">\n\t\t\t\t<div class=\"elementor-widget-container\">\n\t\t\t\t\t\t\t\t\t<p>Lorem ipsum dolor sit amet, consectetur adipiscing elit. Ut elit tellus, luctus nec ullamcorper mattis, pulvinar dapibus leo.<\/p>\t\t\t\t\t\t\t\t<\/div>\n\t\t\t\t<\/div>\n\t\t\t\t<\/div>\n\t\t\t\t\t<\/div>\n\t\t\t\t<\/div>\n\t\t\t\t<section class=\"elementor-section elementor-top-section elementor-element elementor-element-xo1dkkw elementor-section-boxed elementor-section-height-default elementor-section-height-default\" data-id=\"xo1dkkw\" data-element_type=\"section\">\n\t\t\t\t\t\t<div class=\"elementor-container elementor-column-gap-no\">\n\t\t\t\t\t<div class=\"elementor-column elementor-col-100 elementor-top-column elementor-element elementor-element-8f7ba64\" data-id=\"8f7ba64\" data-element_type=\"column\">\n\t\t\t<div class=\"elementor-widget-wrap elementor-element-populated\">\n\t\t\t\t\t\t<div class=\"elementor-element elementor-element-2a2f0e0 elementor-view-default elementor-widget elementor-widget-icon\" data-id=\"2a2f0e0\" data-element_type=\"widget\" data-widget_type=\"icon.default\">\n\t\t\t\t<div class=\"elementor-widget-container\">\n\t\t\t\t\t\t\t<div class=\"elementor-icon-wrapper\">\n\t\t\t<div class=\"elementor-icon\">\n\t\t\t<svg aria-hidden=\"true\" class=\"e-font-icon-svg e-fas-quote-left\" viewBox=\"0 0 512 512\" xmlns=\"http:\/\/www.w3.org\/2000\/svg\"><path d=\"M464 256h-80v-64c0-35.3 28.7-64 64-64h8c13.3 0 24-10.7 24-24V56c0-13.3-10.7-24-24-24h-8c-88.4 0-160 71.6-160 160v240c0 26.5 21.5 48 48 48h128c26.5 0 48-21.5 48-48V304c0-26.5-21.5-48-48-48zm-288 0H96v-64c0-35.3 28.7-64 64-64h8c13.3 0 24-10.7 24-24V56c0-13.3-10.7-24-24-24h-8C71.6 32 0 103.6 0 192v240c0 26.5 21.5 48 48 48h128c26.5 0 48-21.5 48-48V304c0-26.5-21.5-48-48-48z\"><\/path><\/svg>\t\t\t<\/div>\n\t\t<\/div>\n\t\t\t\t\t\t<\/div>\n\t\t\t\t<\/div>\n\t\t\t\t<div class=\"elementor-element elementor-element-234ccd0 elementor-widget elementor-widget-testimonial\" data-id=\"234ccd0\" data-element_type=\"widget\" data-widget_type=\"testimonial.default\">\n\t\t\t\t<div class=\"elementor-widget-container\">\n\t\t\t\t\t\t\t<div class=\"elementor-testimonial-wrapper\">\n\t\t\t\t\t\t\t<div class=\"elementor-testimonial-content\">Lorem ipsum dolor sit amet, consectetur adipiscing elit, sed do eiusmod tempor incididunt ut labore et dolore magna aliqua. Ut enim ad minim veniam, quis nostrud.<\/div>\n\t\t\t\n\t\t\t\t\t\t<div class=\"elementor-testimonial-meta elementor-has-image elementor-testimonial-image-position-top\">\n\t\t\t\t<div class=\"elementor-testimonial-meta-inner\">\n\t\t\t\t\t\t\t\t\t\t\t<div class=\"elementor-testimonial-image\">\n\t\t\t\t\t\t\t<img decoding=\"async\" width=\"300\" height=\"300\" src=\"https:\/\/kalonrealm.com\/wp-content\/uploads\/2025\/05\/testimonial-4-1.jpg\" class=\"attachment-full size-full wp-image-100\" alt=\"\" srcset=\"https:\/\/kalonrealm.com\/wp-content\/uploads\/2025\/05\/testimonial-4-1.jpg 300w, https:\/\/kalonrealm.com\/wp-content\/uploads\/2025\/05\/testimonial-4-1-150x150.jpg 150w\" sizes=\"(max-width: 300px) 100vw, 300px\" \/>\t\t\t\t\t\t<\/div>\n\t\t\t\t\t\n\t\t\t\t\t\t\t\t\t\t<div class=\"elementor-testimonial-details\">\n\t\t\t\t\t\t\t\t\t\t\t\t\t\t<div class=\"elementor-testimonial-name\">Brittany Foxx<\/div>\n\t\t\t\t\t\t\t\t\t\t\t\t\t\t\t\t\t\t\t\t\t\t<div class=\"elementor-testimonial-job\">Designation<\/div>\n\t\t\t\t\t\t\t\t\t\t\t\t\t<\/div>\n\t\t\t\t\t\t\t\t\t<\/div>\n\t\t\t<\/div>\n\t\t\t\t\t<\/div>\n\t\t\t\t\t\t<\/div>\n\t\t\t\t<\/div>\n\t\t\t\t\t<\/div>\n\t\t<\/div>\n\t\t\t\t\t<\/div>\n\t\t<\/section>\n\t\t<div class=\"elementor-element elementor-element-b076131 e-flex e-con-boxed e-con e-parent\" data-id=\"b076131\" data-element_type=\"container\">\n\t\t\t\t\t<div class=\"e-con-inner\">\n\t\t<div class=\"elementor-element elementor-element-53e8bd7 e-con-full e-flex e-con e-child\" data-id=\"53e8bd7\" data-element_type=\"container\" data-settings=\"{&quot;background_background&quot;:&quot;classic&quot;}\">\n\t\t\t\t<div class=\"elementor-element elementor-element-395dc67 elementor-widget__width-initial elementor-widget elementor-widget-heading\" data-id=\"395dc67\" data-element_type=\"widget\" data-widget_type=\"heading.default\">\n\t\t\t\t<div class=\"elementor-widget-container\">\n\t\t\t\t\t<h2 class=\"elementor-heading-title elementor-size-default\">Cr\u00e9ation digital alliant esth\u00e9tisme et efficacit\u00e9 <\/h2>\t\t\t\t<\/div>\n\t\t\t\t<\/div>\n\t\t\t\t<div class=\"elementor-element elementor-element-e6090fe elementor-widget elementor-widget-text-editor\" data-id=\"e6090fe\" data-element_type=\"widget\" data-widget_type=\"text-editor.default\">\n\t\t\t\t<div class=\"elementor-widget-container\">\n\t\t\t\t\t\t\t\t\t<p>Lorem ipsum dolor sit amet, consectetur adipiscing elit. Ut elit tellus, luctus nec ullamcorper mattis, pulvinar dapibus leo.<\/p>\t\t\t\t\t\t\t\t<\/div>\n\t\t\t\t<\/div>\n\t\t\t\t<div class=\"elementor-element elementor-element-d28284a elementor-align-center elementor-widget elementor-widget-button\" data-id=\"d28284a\" data-element_type=\"widget\" data-widget_type=\"button.default\">\n\t\t\t\t<div class=\"elementor-widget-container\">\n\t\t\t\t\t\t\t\t\t<div class=\"elementor-button-wrapper\">\n\t\t\t\t\t<a class=\"elementor-button elementor-button-link elementor-size-sm\" href=\"#\">\n\t\t\t\t\t\t<span class=\"elementor-button-content-wrapper\">\n\t\t\t\t\t\t\t\t\t<span class=\"elementor-button-text\">R\u00e9server une pr\u00e9station<\/span>\n\t\t\t\t\t<\/span>\n\t\t\t\t\t<\/a>\n\t\t\t\t<\/div>\n\t\t\t\t\t\t\t\t<\/div>\n\t\t\t\t<\/div>\n\t\t\t\t<\/div>\n\t\t\t\t\t<\/div>\n\t\t\t\t<\/div>\n\t\t\t\t<\/div>\n\t\t","protected":false},"excerpt":{"rendered":"<p>Agence de cr\u00e9ation de site Internet Cr\u00e9ation digital alliant esth\u00e9tisme et efficacit\u00e9 Lorem ipsum dolor sit amet, consectetur adipiscing elit. [&hellip;]<\/p>\n","protected":false},"author":1,"featured_media":0,"parent":0,"menu_order":1,"comment_status":"closed","ping_status":"closed","template":"","meta":{"site-sidebar-layout":"no-sidebar","site-content-layout":"","ast-site-content-layout":"full-width-container","site-content-style":"default","site-sidebar-style":"default","ast-global-header-display":"","ast-banner-title-visibility":"","ast-main-header-display":"","ast-hfb-above-header-display":"","ast-hfb-below-header-display":"","ast-hfb-mobile-header-display":"","site-post-title":"disabled","ast-breadcrumbs-content":"","ast-featured-img":"disabled","footer-sml-layout":"","theme-transparent-header-meta":"","adv-header-id-meta":"","stick-header-meta":"","header-above-stick-meta":"","header-main-stick-meta":"","header-below-stick-meta":"","astra-migrate-meta-layouts":"default","ast-page-background-enabled":"default","ast-page-background-meta":{"desktop":{"background-color":"var(--ast-global-color-5)","background-image":"","background-repeat":"repeat","background-position":"center center","background-size":"auto","background-attachment":"scroll","background-type":"","background-media":"","overlay-type":"","overlay-color":"","overlay-opacity":"","overlay-gradient":""},"tablet":{"background-color":"","background-image":"","background-repeat":"repeat","background-position":"center center","background-size":"auto","background-attachment":"scroll","background-type":"","background-media":"","overlay-type":"","overlay-color":"","overlay-opacity":"","overlay-gradient":""},"mobile":{"background-color":"","background-image":"","background-repeat":"repeat","background-position":"center center","background-size":"auto","background-attachment":"scroll","background-type":"","background-media":"","overlay-type":"","overlay-color":"","overlay-opacity":"","overlay-gradient":""}},"ast-content-background-meta":{"desktop":{"background-color":"var(--ast-global-color-4)","background-image":"","background-repeat":"repeat","background-position":"center center","background-size":"auto","background-attachment":"scroll","background-type":"","background-media":"","overlay-type":"","overlay-color":"","overlay-opacity":"","overlay-gradient":""},"tablet":{"background-color":"var(--ast-global-color-4)","background-image":"","background-repeat":"repeat","background-position":"center center","background-size":"auto","background-attachment":"scroll","background-type":"","background-media":"","overlay-type":"","overlay-color":"","overlay-opacity":"","overlay-gradient":""},"mobile":{"background-color":"var(--ast-global-color-4)","background-image":"","background-repeat":"repeat","background-position":"center center","background-size":"auto","background-attachment":"scroll","background-type":"","background-media":"","overlay-type":"","overlay-color":"","overlay-opacity":"","overlay-gradient":""}},"footnotes":""},"class_list":["post-44","page","type-page","status-publish","hentry"],"_links":{"self":[{"href":"https:\/\/kalonrealm.com\/index.php?rest_route=\/wp\/v2\/pages\/44","targetHints":{"allow":["GET"]}}],"collection":[{"href":"https:\/\/kalonrealm.com\/index.php?rest_route=\/wp\/v2\/pages"}],"about":[{"href":"https:\/\/kalonrealm.com\/index.php?rest_route=\/wp\/v2\/types\/page"}],"author":[{"embeddable":true,"href":"https:\/\/kalonrealm.com\/index.php?rest_route=\/wp\/v2\/users\/1"}],"replies":[{"embeddable":true,"href":"https:\/\/kalonrealm.com\/index.php?rest_route=%2Fwp%2Fv2%2Fcomments&post=44"}],"version-history":[{"count":38,"href":"https:\/\/kalonrealm.com\/index.php?rest_route=\/wp\/v2\/pages\/44\/revisions"}],"predecessor-version":[{"id":123,"href":"https:\/\/kalonrealm.com\/index.php?rest_route=\/wp\/v2\/pages\/44\/revisions\/123"}],"wp:attachment":[{"href":"https:\/\/kalonrealm.com\/index.php?rest_route=%2Fwp%2Fv2%2Fmedia&parent=44"}],"curies":[{"name":"wp","href":"https:\/\/api.w.org\/{rel}","templated":true}]}}